{"id":50,"date":"2018-05-14T08:58:23","date_gmt":"2018-05-14T08:58:23","guid":{"rendered":"http:\/\/rejetnicks.com\/?page_id=50"},"modified":"2025-02-28T09:56:14","modified_gmt":"2025-02-28T09:56:14","slug":"impressum","status":"publish","type":"page","link":"https:\/\/rejetnicks.com\/?page_id=50","title":{"rendered":"Impressum"},"content":{"rendered":"<p style=\"text-align: center;\"><strong>Angaben gem\u00e4\u00df \u00a7 5 TMG<\/strong><br \/>\nRejetnicks GbR &#8211; z.H. Sch\u00e4dle<br \/>\nSchlesierstra\u00dfe 3<br \/>\n86807 Buchloe<br \/>\nVertreten durch:<br \/>\nJan Stefan<\/p>\n<p style=\"text-align: center;\"><strong>Kontakt<\/strong><br \/>\nTelefon: +49 1707355441<br \/>\nE-Mail: info@rejetnicks.com<\/p>\n<p style=\"text-align: left;\"><strong>Datenschutzerkl\u00e4rung<\/strong><br \/>\nSSL-Verschl\u00fcsselung<br \/>\nDiese Seite nutzt aus Gr\u00fcnden der Sicherheit und zum Schutz der \u00dcbertragung vertraulicher Inhalte, wie zum Beispiel der Anfragen, die Sie an uns als Seitenbetreiber senden, eine SSL-Verschl\u00fcsselung. Eine verschl\u00fcsselte Verbindung erkennen Sie daran, dass die Adresszeile des Browsers von &#8222;http:\/\/&#8220; auf &#8222;https:\/\/&#8220; wechselt und an dem Schloss-Symbol in Ihrer Browserzeile. Wenn die SSL Verschl\u00fcsselung aktiviert ist, k\u00f6nnen die Daten, die Sie an uns \u00fcbermitteln, nicht von Dritten mitgelesen werden.<\/p>\n<p><strong>Haftungshinweis<\/strong><em><br \/>\n<\/em>Trotz sorgf\u00e4ltiger inhaltlicher Kontrolle \u00fcbernehmen wir keine Haftung f\u00fcr die Inhalte externer Links. F\u00fcr den Inhalt der verlinkten Seiten sind ausschlie\u00dflich deren Betreiber verantwortlich.<\/p>\n","protected":false},"excerpt":{"rendered":"<p>Angaben gem\u00e4\u00df \u00a7 5 TMG Rejetnicks GbR &#8211; z.H. Sch\u00e4dle Schlesierstra\u00dfe 3 86807 Buchloe Vertreten durch: Jan Stefan Kontakt Telefon: +49 1707355441 E-Mail: info@rejetnicks.com Datenschutzerkl\u00e4rung SSL-Verschl\u00fcsselung Diese Seite nutzt aus Gr\u00fcnden der Sicherheit und zum Schutz der \u00dcbertragung vertraulicher Inhalte, wie zum Beispiel der Anfragen, die Sie an uns als Seitenbetreiber senden, eine SSL-Verschl\u00fcsselung. Eine &hellip; <\/p>\n<p class=\"link-more\"><a href=\"https:\/\/rejetnicks.com\/?page_id=50\" class=\"more-link\">Mehr <span class=\"screen-reader-text\">\u00fcber &#8222;Impressum&#8220; <\/span>Lesen<\/a><\/p>\n","protected":false},"author":1,"featured_media":0,"parent":0,"menu_order":0,"comment_status":"closed","ping_status":"closed","template":"","meta":[],"_links":{"self":[{"href":"https:\/\/rejetnicks.com\/index.php?rest_route=\/wp\/v2\/pages\/50"}],"collection":[{"href":"https:\/\/rejetnicks.com\/index.php?rest_route=\/wp\/v2\/pages"}],"about":[{"href":"https:\/\/rejetnicks.com\/index.php?rest_route=\/wp\/v2\/types\/page"}],"author":[{"embeddable":true,"href":"https:\/\/rejetnicks.com\/index.php?rest_route=\/wp\/v2\/users\/1"}],"replies":[{"embeddable":true,"href":"https:\/\/rejetnicks.com\/index.php?rest_route=%2Fwp%2Fv2%2Fcomments&post=50"}],"version-history":[{"count":17,"href":"https:\/\/rejetnicks.com\/index.php?rest_route=\/wp\/v2\/pages\/50\/revisions"}],"predecessor-version":[{"id":7121,"href":"https:\/\/rejetnicks.com\/index.php?rest_route=\/wp\/v2\/pages\/50\/revisions\/7121"}],"wp:attachment":[{"href":"https:\/\/rejetnicks.com\/index.php?rest_route=%2Fwp%2Fv2%2Fmedia&parent=50"}],"curies":[{"name":"wp","href":"https:\/\/api.w.org\/{rel}","templated":true}]}}